{"id":1002,"date":"2022-03-22T21:11:11","date_gmt":"2022-03-22T21:11:11","guid":{"rendered":"https:\/\/www.refugi-lesconques.com\/?page_id=1002"},"modified":"2022-12-28T16:36:21","modified_gmt":"2022-12-28T16:36:21","slug":"les-politiques-de-confidentialite","status":"publish","type":"page","link":"https:\/\/www.refugi-lesconques.com\/fr\/les-politiques-de-confidentialite\/","title":{"rendered":"Les politiques de confidentialit\u00e9"},"content":{"rendered":"\t\t<div data-elementor-type=\"wp-page\" data-elementor-id=\"1002\" class=\"elementor elementor-1002 elementor-997\" data-elementor-post-type=\"page\">\n\t\t\t\t\t\t<section class=\"elementor-section elementor-top-section elementor-element elementor-element-e210d2b elementor-reverse-mobile elementor-section-boxed elementor-section-height-default elementor-section-height-default\" data-id=\"e210d2b\" data-element_type=\"section\" data-e-type=\"section\">\n\t\t\t\t\t\t<div class=\"elementor-container elementor-column-gap-default\">\n\t\t\t\t\t<div class=\"elementor-column elementor-col-100 elementor-top-column elementor-element elementor-element-fa97de0\" data-id=\"fa97de0\" data-element_type=\"column\" data-e-type=\"column\">\n\t\t\t<div class=\"elementor-widget-wrap elementor-element-populated\">\n\t\t\t\t\t\t<div class=\"elementor-element elementor-element-913da93 elementor-widget elementor-widget-heading\" data-id=\"913da93\" data-element_type=\"widget\" data-e-type=\"widget\" data-widget_type=\"heading.default\">\n\t\t\t\t<div class=\"elementor-widget-container\">\n\t\t\t\t\t<h2 class=\"elementor-heading-title elementor-size-default\">GESTION DES DONNEES PERSONNELLES<\/h2>\t\t\t\t<\/div>\n\t\t\t\t<\/div>\n\t\t\t\t<div class=\"elementor-element elementor-element-982fd1e elementor-widget elementor-widget-text-editor\" data-id=\"982fd1e\" data-element_type=\"widget\" data-e-type=\"widget\" data-widget_type=\"text-editor.default\">\n\t\t\t\t<div class=\"elementor-widget-container\">\n\t\t\t\t\t\t\t\t\t<p>Conform\u00e9ment \u00e0 la loi \u00ab\u00a0Informatique et Libert\u00e9s\u00a0\u00bb du 6 janvier 1978 modifi\u00e9e en 2004, vous disposez d&rsquo;un droit d&rsquo;acc\u00e8s et de rectification aux informations qui vous concernent, que vous pouvez exercer en vous adressant au service administratif et comptable de la soci\u00e9t\u00e9. BOSCH JULI\u00c0, XAVIER JOAN, Refuge Les Conques 66230 PRATS-DE-MOLLO-LA-PRESTE<\/p><p>Notre engagement de transparence et responsabilit\u00e9 :<\/p><p>Toutes vos donn\u00e9es sont conserv\u00e9es en toute s\u00e9curit\u00e9 ou supprim\u00e9es si nous ne les utilisons pas.<\/p><p>Toutes les donn\u00e9es sont confidentielles et ne seront jamais communiqu\u00e9es \u00e0 des tiers, nous les prot\u00e9geons et servent notamment \u00e0 am\u00e9liorer votre exp\u00e9rience sur notre site internet.<\/p><p>Elles sont conserv\u00e9es en toute s\u00e9curit\u00e9 o\u00f9 supprim\u00e9es si nous ne les utilisons pas.<\/p><p>Pour toutes questions suppl\u00e9mentaires comme la demande de la suppression de vos donn\u00e9es, merci de vous adresser \u00e0 : BOSCH JULI\u00c0, Xavier, g\u00e9rant du Refuge les Conques.<\/p><p><b>Courriel : refugei.lesconques@gmail.com<\/b><\/p><p><b>Inventaire<\/b><\/p><p><b>Formulaire<\/b><\/p><p>Ces donn\u00e9es sont collect\u00e9es via un formulaire qui doit \u00eatre rempli par l&rsquo;utilisateur qui souhaite demander une r\u00e9servation. Ce formulaire se trouve sur la page de contact du site.<\/p><p><b>R\u00e9servations<\/b><\/p><p><b>Les donn\u00e9es collect\u00e9es sont les suivantes :<\/b><\/p><p>Nom<\/p><p>R\u00e9servation de restaurant<\/p><p>Nombre de personnes<\/p><p>T\u00e9l\u00e9phone portable<\/p><p>Courriel<\/p><p>Date d&rsquo;arriv\u00e9e<\/p><p>Date Sortie<\/p><p>Commentaire<\/p><p>Pour les r\u00e9servations directes sur le site www.refugi-lesconques.com les donn\u00e9es de carte bancaires ne sont pas stock\u00e9es et sont trait\u00e9es la banque.<\/p><p><b>Enregistrer l&rsquo;activit\u00e9 du surfeur sur le site<\/b><\/p><p>Nous utilisons le logiciel Google Analytics pour analyser le trafic de notre site Web.<\/p><p>Si vous ne souhaitez pas que vos informations soient enregistr\u00e9es, vous devez emp\u00eacher les cookies de s&rsquo;ex\u00e9cuter dans votre navigateur.<\/p><p>Les donn\u00e9es sont anonymes et stock\u00e9es sur les serveurs Google pendant 36 mois.<\/p><p><b>Utiliser :<\/b><\/p><p>Les informations sont utilis\u00e9es de diff\u00e9rentes mani\u00e8res, voici un r\u00e9sum\u00e9 de ces utilisations.<\/p><p>Nom et contact<\/p><p>Utilisez le nom et les coordonn\u00e9es et la raison<\/p><p>R\u00e9ception de votre r\u00e9servation<\/p><p>Il est n\u00e9cessaire de pouvoir g\u00e9rer votre r\u00e9servation<\/p><p>Envoi de messages par divers moyens (courriel \/ SMS) pour la r\u00e9servation ou la notification de commande et le suivi de livraison<\/p><p>Il est n\u00e9cessaire de vous tenir inform\u00e9 de l&rsquo;\u00e9volution de votre r\u00e9servation (pr\u00e9paration et livraison)<\/p><p>Envoyez un bulletin \u00e9lectronique sur les promotions, les nouveaux produits, etc. par courriel \/ SMS.<\/p><p>Avec votre accord, et notamment vous pouvez vous d\u00e9sinscrire \u00e0 tout moment<\/p><p>D\u00e9tection et protection<\/p><p>Contre la fraude Pour d\u00e9tecter la fraude et prot\u00e9ger votre<\/p><p>Affichage des annonces lors de la navigation sur le Web<\/p><p>Pour voir les derni\u00e8res nouvelles et \/ ou promotions sur le site<\/p><p>D\u00e9couvrez ce que vous aimez<\/p><p>Proposer des produits adapt\u00e9s \u00e0 vos souhaits<\/p><p>Information de paiement<\/p><p>Cela correspond au code de s\u00e9curit\u00e9 de votre carte de cr\u00e9dit.<\/p><p>Ces informations ne sont pas conserv\u00e9es et crypt\u00e9es lors de la saisie et du paiement.<\/p><p>Comment utilisons-nous vos informations de paiement et pourquoi ?<\/p><p>Pour les paiements et la r\u00e9ception des remboursements<\/p><p>Cela est n\u00e9cessaire pour le paiement de vos commandes et le remboursement.<\/p><p>D\u00e9tection et protection contre la fraude<\/p><p>\u00a0D\u00e9tecter la fraude et la prot\u00e9ger.<\/p><p>\u00c9changez l&rsquo;histoire avec nous et Raisons<\/p><p>Votre historique d&rsquo;\u00e9changes par mail, r\u00e9seaux sociaux, chat \u00e9lectronique, t\u00e9l\u00e9phone &#8230;<\/p><p>Utilisation des \u00e9changes avec nous<\/p><p>Pour vous aider Vous aider \u00e0 obtenir de l&rsquo;aide<\/p><p>Vous avez besoin le plus rapidement possible. Par cons\u00e9quent, toute notre \u00e9quipe a acc\u00e8s aux messages pour gagner du temps et vous aider.<\/p><p>Informations sur votre t\u00e9l\u00e9phone et \/ ou votre ordinateur et l&rsquo;utilisation de notre site Web<\/p><p>Les informations transmises lorsque vous \u00eates sur notre site, telles que l&rsquo;adresse IP, le type d&rsquo;appareil utilis\u00e9 et les donn\u00e9es de localisation (si vous acceptez de les partager).<\/p><p>Utilisation de ces informations et raisons<\/p><p>Am\u00e9liorez l&rsquo;exp\u00e9rience sur le site<\/p><p>Pour am\u00e9liorer l&rsquo;exp\u00e9rience utilisateur sur le site<\/p><p>D\u00e9tecter la fraude et prot\u00e9ger et respecter nos obligations l\u00e9gales en mati\u00e8re de gestion des donn\u00e9es<\/p><p>Sondages, concours et promotions<\/p><p>Utiliser des donn\u00e9es pour des enqu\u00eates, etc. &#8230; et raisons<\/p><p>Gestion des sondages, concours et promotions<\/p><p>Dans le cadre de notre processus d&rsquo;administration des sondages, concours et promotions<\/p><p>Partagez et conservez vos informations<\/p><p>Aucune de vos donn\u00e9es ne sera partag\u00e9e, vendue, lou\u00e9e \u00e0 des tiers \u00e0 aucun moment aujourd&rsquo;hui ou \u00e0 l&rsquo;avenir.<\/p><p>Cependant, certaines informations peuvent \u00eatre partag\u00e9es avec les entreprises avec lesquelles nous travaillons en tant que :<\/p><ul><li>Entreprises Web : h\u00e9bergeurs de sites Web, agences de marketing et partenaires publicitaires.<\/li><li>Les autorit\u00e9s \u00e9tatiques telles que la police pour fraude en particulier<\/li><li>Autres soci\u00e9t\u00e9s : soci\u00e9t\u00e9s Google Analytics, CCI<\/li><\/ul><p>Toutes les informations sont crypt\u00e9es et anonymes et ne sont pas partag\u00e9es, elles seront \u00e9galement supprim\u00e9es si nous ne les utilisons pas et, bien s\u00fbr, vous en faites la demande.<\/p><p>Les informations seront conserv\u00e9es tant que votre compte restera actif avec nous ou, par exemple, le temps de traitement de votre commande ou r\u00e9pondra \u00e0 votre demande de notre service client.<\/p><p>Vous pouvez nous demander de les annuler \u00e0 tout moment, mais en cas de fraude ou de saisie<\/p><p>Droit applicable et attribution de juridiction.<\/p><p>Tout litige en relation avec l\u2019utilisation du site www.refugedemariailles.fr est soumis au droit fran\u00e7ais. Il est fait attribution exclusive de juridiction aux tribunaux comp\u00e9tents de Paris.<\/p><p>Les principales lois concern\u00e9es.<\/p><p>Loi n\u00b0 78-17du 6 janvier 1978, notamment modifi\u00e9e par la loi n\u00b0 2004-801 du 6 ao\u00fbt 2004 relative \u00e0 l\u2019informatique, aux fichiers et aux libert\u00e9s.<\/p><p>Loi n\u00b02004-575 du 21 juin 2004 pour la confiance dans l\u2019\u00e9conomie num\u00e9rique.<\/p><p>Lexique.<\/p><p>Utilisateur : Internaute se connectant, utilisant le site susnomm\u00e9.<\/p><p>Informations personnelles : \u00ab les informations qui permettent, sous quelque forme que ce soit, directement ou non, l\u2019identification des personnes physiques auxquelles elles s\u2019appliquent \u00bb (article 4 de la loi n\u00b0 78-17 du 6 janvier 1978).<\/p>\t\t\t\t\t\t\t\t<\/div>\n\t\t\t\t<\/div>\n\t\t\t\t\t<\/div>\n\t\t<\/div>\n\t\t\t\t\t<\/div>\n\t\t<\/section>\n\t\t\t\t<\/div>\n\t\t","protected":false},"excerpt":{"rendered":"<p>GESTION DES DONNEES PERSONNELLES Conform\u00e9ment \u00e0 la loi \u00ab\u00a0Informatique et Libert\u00e9s\u00a0\u00bb du 6 janvier 1978 modifi\u00e9e en 2004, vous disposez d&rsquo;un droit d&rsquo;acc\u00e8s et de rectification aux informations qui vous concernent, que vous pouvez exercer en vous adressant au service administratif et comptable de la soci\u00e9t\u00e9. BOSCH JULI\u00c0, XAVIER JOAN, Refuge Les Conques 66230 PRATS-DE-MOLLO-LA-PRESTE [&hellip;]<\/p>\n","protected":false},"author":1,"featured_media":0,"parent":0,"menu_order":0,"comment_status":"closed","ping_status":"closed","template":"","meta":{"site-sidebar-layout":"no-sidebar","site-content-layout":"page-builder","ast-site-content-layout":"default","site-content-style":"default","site-sidebar-style":"default","ast-global-header-display":"","ast-banner-title-visibility":"","ast-main-header-display":"","ast-hfb-above-header-display":"","ast-hfb-below-header-display":"","ast-hfb-mobile-header-display":"","site-post-title":"disabled","ast-breadcrumbs-content":"","ast-featured-img":"disabled","footer-sml-layout":"","ast-disable-related-posts":"","theme-transparent-header-meta":"default","adv-header-id-meta":"","stick-header-meta":"","header-above-stick-meta":"","header-main-stick-meta":"","header-below-stick-meta":"","astra-migrate-meta-layouts":"default","ast-page-background-enabled":"default","ast-page-background-meta":{"desktop":{"background-color":"var(--ast-global-color-4)","background-image":"","background-repeat":"repeat","background-position":"center center","background-size":"auto","background-attachment":"scroll","background-type":"","background-media":"","overlay-type":"","overlay-color":"","overlay-opacity":"","overlay-gradient":""},"tablet":{"background-color":"","background-image":"","background-repeat":"repeat","background-position":"center center","background-size":"auto","background-attachment":"scroll","background-type":"","background-media":"","overlay-type":"","overlay-color":"","overlay-opacity":"","overlay-gradient":""},"mobile":{"background-color":"","background-image":"","background-repeat":"repeat","background-position":"center center","background-size":"auto","background-attachment":"scroll","background-type":"","background-media":"","overlay-type":"","overlay-color":"","overlay-opacity":"","overlay-gradient":""}},"ast-content-background-meta":{"desktop":{"background-color":"var(--ast-global-color-5)","background-image":"","background-repeat":"repeat","background-position":"center center","background-size":"auto","background-attachment":"scroll","background-type":"","background-media":"","overlay-type":"","overlay-color":"","overlay-opacity":"","overlay-gradient":""},"tablet":{"background-color":"var(--ast-global-color-5)","background-image":"","background-repeat":"repeat","background-position":"center center","background-size":"auto","background-attachment":"scroll","background-type":"","background-media":"","overlay-type":"","overlay-color":"","overlay-opacity":"","overlay-gradient":""},"mobile":{"background-color":"var(--ast-global-color-5)","background-image":"","background-repeat":"repeat","background-position":"center center","background-size":"auto","background-attachment":"scroll","background-type":"","background-media":"","overlay-type":"","overlay-color":"","overlay-opacity":"","overlay-gradient":""}},"footnotes":""},"class_list":["post-1002","page","type-page","status-publish","hentry"],"_links":{"self":[{"href":"https:\/\/www.refugi-lesconques.com\/fr\/wp-json\/wp\/v2\/pages\/1002","targetHints":{"allow":["GET"]}}],"collection":[{"href":"https:\/\/www.refugi-lesconques.com\/fr\/wp-json\/wp\/v2\/pages"}],"about":[{"href":"https:\/\/www.refugi-lesconques.com\/fr\/wp-json\/wp\/v2\/types\/page"}],"author":[{"embeddable":true,"href":"https:\/\/www.refugi-lesconques.com\/fr\/wp-json\/wp\/v2\/users\/1"}],"replies":[{"embeddable":true,"href":"https:\/\/www.refugi-lesconques.com\/fr\/wp-json\/wp\/v2\/comments?post=1002"}],"version-history":[{"count":7,"href":"https:\/\/www.refugi-lesconques.com\/fr\/wp-json\/wp\/v2\/pages\/1002\/revisions"}],"predecessor-version":[{"id":1009,"href":"https:\/\/www.refugi-lesconques.com\/fr\/wp-json\/wp\/v2\/pages\/1002\/revisions\/1009"}],"wp:attachment":[{"href":"https:\/\/www.refugi-lesconques.com\/fr\/wp-json\/wp\/v2\/media?parent=1002"}],"curies":[{"name":"wp","href":"https:\/\/api.w.org\/{rel}","templated":true}]}}