{"id":1065,"date":"2022-03-28T17:14:03","date_gmt":"2022-03-28T17:14:03","guid":{"rendered":"https:\/\/www.refugi-lesconques.com\/?page_id=1065"},"modified":"2022-12-28T16:36:21","modified_gmt":"2022-12-28T16:36:21","slug":"regulation","status":"publish","type":"page","link":"https:\/\/www.refugi-lesconques.com\/fr\/regulation\/","title":{"rendered":"R\u00e9gulation"},"content":{"rendered":"\t\t<div data-elementor-type=\"wp-page\" data-elementor-id=\"1065\" class=\"elementor elementor-1065 elementor-603\" data-elementor-post-type=\"page\">\n\t\t\t\t\t\t<section class=\"elementor-section elementor-top-section elementor-element elementor-element-d956fe5 elementor-section-boxed elementor-section-height-default elementor-section-height-default\" data-id=\"d956fe5\" data-element_type=\"section\" data-e-type=\"section\" data-settings=\"{&quot;background_background&quot;:&quot;classic&quot;}\">\n\t\t\t\t\t\t<div class=\"elementor-container elementor-column-gap-default\">\n\t\t\t\t\t<div class=\"elementor-column elementor-col-100 elementor-top-column elementor-element elementor-element-106ccac\" data-id=\"106ccac\" data-element_type=\"column\" data-e-type=\"column\">\n\t\t\t<div class=\"elementor-widget-wrap elementor-element-populated\">\n\t\t\t\t\t\t<div class=\"elementor-element elementor-element-4485991 elementor-widget elementor-widget-heading\" data-id=\"4485991\" data-element_type=\"widget\" data-e-type=\"widget\" data-widget_type=\"heading.default\">\n\t\t\t\t<div class=\"elementor-widget-container\">\n\t\t\t\t\t<h2 class=\"elementor-heading-title elementor-size-default\">R\u00e9gulation\n<\/h2>\t\t\t\t<\/div>\n\t\t\t\t<\/div>\n\t\t\t\t\t<\/div>\n\t\t<\/div>\n\t\t\t\t\t<\/div>\n\t\t<\/section>\n\t\t\t\t<section class=\"elementor-section elementor-top-section elementor-element elementor-element-c1b9336 elementor-section-boxed elementor-section-height-default elementor-section-height-default\" data-id=\"c1b9336\" data-element_type=\"section\" data-e-type=\"section\" data-settings=\"{&quot;background_background&quot;:&quot;classic&quot;}\">\n\t\t\t\t\t\t<div class=\"elementor-container elementor-column-gap-default\">\n\t\t\t\t\t<div class=\"elementor-column elementor-col-100 elementor-top-column elementor-element elementor-element-b13cada\" data-id=\"b13cada\" data-element_type=\"column\" data-e-type=\"column\">\n\t\t\t<div class=\"elementor-widget-wrap elementor-element-populated\">\n\t\t\t\t\t\t<div class=\"elementor-element elementor-element-7931de1 elementor-widget elementor-widget-heading\" data-id=\"7931de1\" data-element_type=\"widget\" data-e-type=\"widget\" data-widget_type=\"heading.default\">\n\t\t\t\t<div class=\"elementor-widget-container\">\n\t\t\t\t\t<h2 class=\"elementor-heading-title elementor-size-default\">R\u00c8GLES DU REFUGE <\/h2>\t\t\t\t<\/div>\n\t\t\t\t<\/div>\n\t\t\t\t<div class=\"elementor-element elementor-element-55939d3 elementor-widget elementor-widget-text-editor\" data-id=\"55939d3\" data-element_type=\"widget\" data-e-type=\"widget\" data-widget_type=\"text-editor.default\">\n\t\t\t\t<div class=\"elementor-widget-container\">\n\t\t\t\t\t\t\t\t\t<div class=\"xr_txt xr_s108\"><p><strong>1\/ Arriv\u00e9e et enregistrement :<\/strong> A l&rsquo;arriv\u00e9e, le personnel du refuge doit \u00eatre pr\u00e9venu afin de s&rsquo;inscrire.<\/p><p><strong>2\/ Restaurant :<\/strong> Petit-d\u00e9jeuner de 6h30 \u00e0 8h30, d\u00e9jeuner de 12h \u00e0 14h et d\u00eener \u00e0 19h30. Le personnel du refuge mettra la table et servira la nourriture. Afin de collaborer avec le refuge, nous serions reconnaissants au client de venir chercher la table et de la laisser propre apr\u00e8s le repas.<\/p><p><strong>3\/ Pique-nique :<\/strong> Les personnes souhaitant emporter un sac pique-nique doivent l&#8217;emporter avec elles au moment de la r\u00e9servation, ou au moins trois jours avant la date r\u00e9serv\u00e9e.<\/p><p><strong>4\/ La chambre :<\/strong> Les horaires d&rsquo;acc\u00e8s sont de 2h \u00e0 9h. Si vous ne quittez pas la chambre et\/ou la laissez libre de vos affaires avant 9h. le matin, la direction du refuge se r\u00e9serve le droit de facturer la nuit suivante.<\/p><p><strong>5\/ A partir de 22h<\/strong>, le silence doit \u00eatre observ\u00e9 afin de respecter le repos des autres.<\/p><p><strong>6\/ La chambre est \u00e9quip\u00e9e<\/strong> d&rsquo;oreiller, taie, drap et couverture. Il est indispensable d&rsquo;apporter un sac de couchage pour passer la nuit<\/p><p>ou similaire, en cas de ne pas l&rsquo;apporter, vous serez oblig\u00e9 de louer des draps au refuge moyennant un suppl\u00e9ment de 3 \u20ac.<\/p><p><strong>7\/ Il est express\u00e9ment interdit<\/strong> de p\u00e9n\u00e9trer dans les chambres avec du mat\u00e9riel de montagne : crampons, b\u00e2tons, skis, etc. qui doivent \u00eatre d\u00e9pos\u00e9s dans les endroits pr\u00e9vus \u00e0 cet effet. La chambre ne sera pas accessible avec des chaussures de montagne, vous pourrez la remplacer par des sabots \u00e0 l&rsquo;entr\u00e9e du refuge.<\/p><p><strong>8\/ Aucun animal<\/strong> ne sera admis dans la chambre.<\/p><p><strong>9\/ Il est totalement interdit<\/strong> de cuisiner ou de manger \u00e0 l&rsquo;int\u00e9rieur de la chambre.<\/p><p><strong>10\/ Cuisine gratuite :<\/strong> Les personnes qui ne font pas appel au service de restauration du refuge et apportent leur propre nourriture, doivent tenir compte des consignes suivantes : Le refuge lui-m\u00eame ne dispose pas de cuisine gratuite, demandez au personnel du refuge o\u00f9 vous pourrez cuisiner . Vous devez \u00eatre responsable de l&rsquo;\u00e9limination de tout d\u00e9chet. Demandez o\u00f9 vous pouvez nettoyer votre vaisselle et vos ustensiles. Il est strictement interdit de faire la vaisselle dans les sanitaires.<\/p><p><strong>11\/ Acceptation du r\u00e8glement du refuge.<\/strong> Au moment de l&rsquo;inscription au refuge, le client assumera l&rsquo;ensemble de ces r\u00e8gles.<\/p><\/div>\t\t\t\t\t\t\t\t<\/div>\n\t\t\t\t<\/div>\n\t\t\t\t\t<\/div>\n\t\t<\/div>\n\t\t\t\t\t<\/div>\n\t\t<\/section>\n\t\t\t\t<\/div>\n\t\t","protected":false},"excerpt":{"rendered":"<p>R\u00e9gulation R\u00c8GLES DU REFUGE 1\/ Arriv\u00e9e et enregistrement : A l&rsquo;arriv\u00e9e, le personnel du refuge doit \u00eatre pr\u00e9venu afin de s&rsquo;inscrire. 2\/ Restaurant : Petit-d\u00e9jeuner de 6h30 \u00e0 8h30, d\u00e9jeuner de 12h \u00e0 14h et d\u00eener \u00e0 19h30. Le personnel du refuge mettra la table et servira la nourriture. Afin de collaborer avec le refuge, [&hellip;]<\/p>\n","protected":false},"author":1,"featured_media":0,"parent":0,"menu_order":0,"comment_status":"closed","ping_status":"closed","template":"elementor_header_footer","meta":{"site-sidebar-layout":"no-sidebar","site-content-layout":"page-builder","ast-site-content-layout":"default","site-content-style":"default","site-sidebar-style":"default","ast-global-header-display":"","ast-banner-title-visibility":"","ast-main-header-display":"","ast-hfb-above-header-display":"","ast-hfb-below-header-display":"","ast-hfb-mobile-header-display":"","site-post-title":"disabled","ast-breadcrumbs-content":"","ast-featured-img":"disabled","footer-sml-layout":"","ast-disable-related-posts":"","theme-transparent-header-meta":"","adv-header-id-meta":"","stick-header-meta":"","header-above-stick-meta":"","header-main-stick-meta":"","header-below-stick-meta":"","astra-migrate-meta-layouts":"default","ast-page-background-enabled":"default","ast-page-background-meta":{"desktop":{"background-color":"var(--ast-global-color-4)","background-image":"","background-repeat":"repeat","background-position":"center center","background-size":"auto","background-attachment":"scroll","background-type":"","background-media":"","overlay-type":"","overlay-color":"","overlay-opacity":"","overlay-gradient":""},"tablet":{"background-color":"","background-image":"","background-repeat":"repeat","background-position":"center center","background-size":"auto","background-attachment":"scroll","background-type":"","background-media":"","overlay-type":"","overlay-color":"","overlay-opacity":"","overlay-gradient":""},"mobile":{"background-color":"","background-image":"","background-repeat":"repeat","background-position":"center center","background-size":"auto","background-attachment":"scroll","background-type":"","background-media":"","overlay-type":"","overlay-color":"","overlay-opacity":"","overlay-gradient":""}},"ast-content-background-meta":{"desktop":{"background-color":"var(--ast-global-color-5)","background-image":"","background-repeat":"repeat","background-position":"center center","background-size":"auto","background-attachment":"scroll","background-type":"","background-media":"","overlay-type":"","overlay-color":"","overlay-opacity":"","overlay-gradient":""},"tablet":{"background-color":"var(--ast-global-color-5)","background-image":"","background-repeat":"repeat","background-position":"center center","background-size":"auto","background-attachment":"scroll","background-type":"","background-media":"","overlay-type":"","overlay-color":"","overlay-opacity":"","overlay-gradient":""},"mobile":{"background-color":"var(--ast-global-color-5)","background-image":"","background-repeat":"repeat","background-position":"center center","background-size":"auto","background-attachment":"scroll","background-type":"","background-media":"","overlay-type":"","overlay-color":"","overlay-opacity":"","overlay-gradient":""}},"footnotes":""},"class_list":["post-1065","page","type-page","status-publish","hentry"],"_links":{"self":[{"href":"https:\/\/www.refugi-lesconques.com\/fr\/wp-json\/wp\/v2\/pages\/1065","targetHints":{"allow":["GET"]}}],"collection":[{"href":"https:\/\/www.refugi-lesconques.com\/fr\/wp-json\/wp\/v2\/pages"}],"about":[{"href":"https:\/\/www.refugi-lesconques.com\/fr\/wp-json\/wp\/v2\/types\/page"}],"author":[{"embeddable":true,"href":"https:\/\/www.refugi-lesconques.com\/fr\/wp-json\/wp\/v2\/users\/1"}],"replies":[{"embeddable":true,"href":"https:\/\/www.refugi-lesconques.com\/fr\/wp-json\/wp\/v2\/comments?post=1065"}],"version-history":[{"count":13,"href":"https:\/\/www.refugi-lesconques.com\/fr\/wp-json\/wp\/v2\/pages\/1065\/revisions"}],"predecessor-version":[{"id":1168,"href":"https:\/\/www.refugi-lesconques.com\/fr\/wp-json\/wp\/v2\/pages\/1065\/revisions\/1168"}],"wp:attachment":[{"href":"https:\/\/www.refugi-lesconques.com\/fr\/wp-json\/wp\/v2\/media?parent=1065"}],"curies":[{"name":"wp","href":"https:\/\/api.w.org\/{rel}","templated":true}]}}