{"id":916,"date":"2022-03-22T18:10:40","date_gmt":"2022-03-22T18:10:40","guid":{"rendered":"https:\/\/www.refugi-lesconques.com\/?page_id=916"},"modified":"2023-01-19T14:31:36","modified_gmt":"2023-01-19T14:31:36","slug":"sommets-et-itineraires","status":"publish","type":"page","link":"https:\/\/www.refugi-lesconques.com\/fr\/sommets-et-itineraires\/","title":{"rendered":"Sommets et Itin\u00e9raires"},"content":{"rendered":"\t\t<div data-elementor-type=\"wp-page\" data-elementor-id=\"916\" class=\"elementor elementor-916 elementor-261\" data-elementor-post-type=\"page\">\n\t\t\t\t\t\t<section class=\"elementor-section elementor-top-section elementor-element elementor-element-71fb61d elementor-section-boxed elementor-section-height-default elementor-section-height-default\" data-id=\"71fb61d\" data-element_type=\"section\" data-e-type=\"section\" data-settings=\"{&quot;background_background&quot;:&quot;classic&quot;}\">\n\t\t\t\t\t\t\t<div class=\"elementor-background-overlay\"><\/div>\n\t\t\t\t\t\t\t<div class=\"elementor-container elementor-column-gap-default\">\n\t\t\t\t\t<div class=\"elementor-column elementor-col-100 elementor-top-column elementor-element elementor-element-56de52f\" data-id=\"56de52f\" data-element_type=\"column\" data-e-type=\"column\">\n\t\t\t<div class=\"elementor-widget-wrap elementor-element-populated\">\n\t\t\t\t\t\t<div class=\"elementor-element elementor-element-60cd6e8 elementor-widget elementor-widget-heading\" data-id=\"60cd6e8\" data-element_type=\"widget\" data-e-type=\"widget\" data-widget_type=\"heading.default\">\n\t\t\t\t<div class=\"elementor-widget-container\">\n\t\t\t\t\t<h2 class=\"elementor-heading-title elementor-size-default\">Sommets et Itin\u00e9raires\n<\/h2>\t\t\t\t<\/div>\n\t\t\t\t<\/div>\n\t\t\t\t\t<\/div>\n\t\t<\/div>\n\t\t\t\t\t<\/div>\n\t\t<\/section>\n\t\t\t\t<section class=\"elementor-section elementor-top-section elementor-element elementor-element-bd5e9d2 elementor-reverse-mobile elementor-section-boxed elementor-section-height-default elementor-section-height-default\" data-id=\"bd5e9d2\" data-element_type=\"section\" data-e-type=\"section\">\n\t\t\t\t\t\t<div class=\"elementor-container elementor-column-gap-default\">\n\t\t\t\t\t<div class=\"elementor-column elementor-col-50 elementor-top-column elementor-element elementor-element-5c4d555\" data-id=\"5c4d555\" data-element_type=\"column\" data-e-type=\"column\">\n\t\t\t<div class=\"elementor-widget-wrap elementor-element-populated\">\n\t\t\t\t\t\t<div class=\"elementor-element elementor-element-ae467e9 elementor-widget elementor-widget-image\" data-id=\"ae467e9\" data-element_type=\"widget\" data-e-type=\"widget\" data-widget_type=\"image.default\">\n\t\t\t\t<div class=\"elementor-widget-container\">\n\t\t\t\t\t\t\t\t\t\t\t\t\t\t\t<img fetchpriority=\"high\" decoding=\"async\" width=\"1196\" height=\"1600\" src=\"https:\/\/www.refugi-lesconques.com\/wp-content\/uploads\/2023\/01\/1673544315338.jpg\" class=\"attachment-full size-full wp-image-1521\" alt=\"\" srcset=\"https:\/\/www.refugi-lesconques.com\/wp-content\/uploads\/2023\/01\/1673544315338.jpg 1196w, https:\/\/www.refugi-lesconques.com\/wp-content\/uploads\/2023\/01\/1673544315338-224x300.jpg 224w, https:\/\/www.refugi-lesconques.com\/wp-content\/uploads\/2023\/01\/1673544315338-765x1024.jpg 765w, https:\/\/www.refugi-lesconques.com\/wp-content\/uploads\/2023\/01\/1673544315338-768x1027.jpg 768w, https:\/\/www.refugi-lesconques.com\/wp-content\/uploads\/2023\/01\/1673544315338-1148x1536.jpg 1148w\" sizes=\"(max-width: 1196px) 100vw, 1196px\" \/>\t\t\t\t\t\t\t\t\t\t\t\t\t\t\t<\/div>\n\t\t\t\t<\/div>\n\t\t\t\t<div class=\"elementor-element elementor-element-ce59b76 elementor-widget elementor-widget-image\" data-id=\"ce59b76\" data-element_type=\"widget\" data-e-type=\"widget\" data-widget_type=\"image.default\">\n\t\t\t\t<div class=\"elementor-widget-container\">\n\t\t\t\t\t\t\t\t\t\t\t\t\t\t\t<img decoding=\"async\" width=\"651\" height=\"650\" src=\"https:\/\/www.refugi-lesconques.com\/wp-content\/uploads\/2022\/02\/itineraris-iferior-esquerra-2.jpg\" class=\"attachment-full size-full wp-image-879\" alt=\"\" srcset=\"https:\/\/www.refugi-lesconques.com\/wp-content\/uploads\/2022\/02\/itineraris-iferior-esquerra-2.jpg 651w, https:\/\/www.refugi-lesconques.com\/wp-content\/uploads\/2022\/02\/itineraris-iferior-esquerra-2-300x300.jpg 300w, https:\/\/www.refugi-lesconques.com\/wp-content\/uploads\/2022\/02\/itineraris-iferior-esquerra-2-150x150.jpg 150w\" sizes=\"(max-width: 651px) 100vw, 651px\" \/>\t\t\t\t\t\t\t\t\t\t\t\t\t\t\t<\/div>\n\t\t\t\t<\/div>\n\t\t\t\t\t<\/div>\n\t\t<\/div>\n\t\t\t\t<div class=\"elementor-column elementor-col-50 elementor-top-column elementor-element elementor-element-0208ffe\" data-id=\"0208ffe\" data-element_type=\"column\" data-e-type=\"column\">\n\t\t\t<div class=\"elementor-widget-wrap elementor-element-populated\">\n\t\t\t\t\t\t<div class=\"elementor-element elementor-element-1cbbb4e elementor-widget elementor-widget-text-editor\" data-id=\"1cbbb4e\" data-element_type=\"widget\" data-e-type=\"widget\" data-widget_type=\"text-editor.default\">\n\t\t\t\t<div class=\"elementor-widget-container\">\n\t\t\t\t\t\t\t\t\t<p>A partir du refuge Les Conques nous avons un bon emplacement pour faire des excursions au Sommet de Costabona (2465 m.), depuis son aspect le plus spectaculaire, aussi Roc Colom (2507m.), Puig de la Collada Verda (2403m.), Pic des Set Homes (2661m.). Tous ces sommets peuvent \u00eatre faits d\u00e8s le refuge. Nous pouvons aussi lier avec d&rsquo;autres refuges comme Mariailles, Sant Guillem, Ulldeter&#8230; pour faire des traverses de plus d&rsquo;une journ\u00e9e. Parcours circulaires comme \u00ab\u00a0Le Tour du Canig\u00f3\u00a0\u00bb, \u00ab\u00a0Refuges Del Torb\u00a0\u00bb\u00a0ou \u00ab\u00a0Le Tour des R\u00e9serves Naturelles\u00a0\u00bb offrent I \u2018excursionniste la possibilit\u00e9 de conna\u00eetre l&rsquo;extr\u00eame le plus oriental de la Cordill\u00e8re Pyr\u00e9n\u00e9enne avec des parcours de cinq ou six jours.<\/p>\t\t\t\t\t\t\t\t<\/div>\n\t\t\t\t<\/div>\n\t\t\t\t<div class=\"elementor-element elementor-element-da651a6 elementor-widget elementor-widget-heading\" data-id=\"da651a6\" data-element_type=\"widget\" data-e-type=\"widget\" data-widget_type=\"heading.default\">\n\t\t\t\t<div class=\"elementor-widget-container\">\n\t\t\t\t\t<h2 class=\"elementor-heading-title elementor-size-default\">Tracs d'excursions d\u00e8s le refuge<\/h2>\t\t\t\t<\/div>\n\t\t\t\t<\/div>\n\t\t\t\t<div class=\"elementor-element elementor-element-677b8c0 elementor-align-start elementor-icon-list--layout-traditional elementor-list-item-link-full_width elementor-widget elementor-widget-icon-list\" data-id=\"677b8c0\" data-element_type=\"widget\" data-e-type=\"widget\" data-widget_type=\"icon-list.default\">\n\t\t\t\t<div class=\"elementor-widget-container\">\n\t\t\t\t\t\t\t<ul class=\"elementor-icon-list-items\">\n\t\t\t\t\t\t\t<li class=\"elementor-icon-list-item\">\n\t\t\t\t\t\t\t\t\t\t\t<a href=\"http:\/\/es.wikiloc.com\/wikiloc\/view.do?id=990559\" target=\"_blank\">\n\n\t\t\t\t\t\t\t\t\t\t\t\t<span class=\"elementor-icon-list-icon\">\n\t\t\t\t\t\t\t<i aria-hidden=\"true\" class=\"fas fa-circle\"><\/i>\t\t\t\t\t\t<\/span>\n\t\t\t\t\t\t\t\t\t\t<span class=\"elementor-icon-list-text\">Portella Rotj\u00e0 - Cabanes de l\u2019Ollat<\/span>\n\t\t\t\t\t\t\t\t\t\t\t<\/a>\n\t\t\t\t\t\t\t\t\t<\/li>\n\t\t\t\t\t\t\t\t<li class=\"elementor-icon-list-item\">\n\t\t\t\t\t\t\t\t\t\t\t<a href=\"http:\/\/es.wikiloc.com\/wikiloc\/view.do?id=1216040\" target=\"_blank\">\n\n\t\t\t\t\t\t\t\t\t\t\t\t<span class=\"elementor-icon-list-icon\">\n\t\t\t\t\t\t\t<i aria-hidden=\"true\" class=\"fas fa-circle\"><\/i>\t\t\t\t\t\t<\/span>\n\t\t\t\t\t\t\t\t\t\t<span class=\"elementor-icon-list-text\">Collada del Vent-Puig de la Collada Verda-Ras del Garb\u00e9<\/span>\n\t\t\t\t\t\t\t\t\t\t\t<\/a>\n\t\t\t\t\t\t\t\t\t<\/li>\n\t\t\t\t\t\t\t\t<li class=\"elementor-icon-list-item\">\n\t\t\t\t\t\t\t\t\t\t\t<a href=\"http:\/\/es.wikiloc.com\/wikiloc\/view.do?id=1825362\" target=\"_blank\">\n\n\t\t\t\t\t\t\t\t\t\t\t\t<span class=\"elementor-icon-list-icon\">\n\t\t\t\t\t\t\t<i aria-hidden=\"true\" class=\"fas fa-circle\"><\/i>\t\t\t\t\t\t<\/span>\n\t\t\t\t\t\t\t\t\t\t<span class=\"elementor-icon-list-text\">La Presta-Ollat-Conques (Coll Baix)<\/span>\n\t\t\t\t\t\t\t\t\t\t\t<\/a>\n\t\t\t\t\t\t\t\t\t<\/li>\n\t\t\t\t\t\t\t\t<li class=\"elementor-icon-list-item\">\n\t\t\t\t\t\t\t\t\t\t\t<a href=\"http:\/\/es.wikiloc.com\/wikiloc\/view.do?id=7378707\" target=\"_blank\">\n\n\t\t\t\t\t\t\t\t\t\t\t\t<span class=\"elementor-icon-list-icon\">\n\t\t\t\t\t\t\t<i aria-hidden=\"true\" class=\"fas fa-circle\"><\/i>\t\t\t\t\t\t<\/span>\n\t\t\t\t\t\t\t\t\t\t<span class=\"elementor-icon-list-text\">Coma del Tec- Esquerdes de rotj\u00e0<\/span>\n\t\t\t\t\t\t\t\t\t\t\t<\/a>\n\t\t\t\t\t\t\t\t\t<\/li>\n\t\t\t\t\t\t\t\t<li class=\"elementor-icon-list-item\">\n\t\t\t\t\t\t\t\t\t\t\t<a href=\"http:\/\/es.wikiloc.com\/wikiloc\/view.do?id=554446\" target=\"_blank\">\n\n\t\t\t\t\t\t\t\t\t\t\t\t<span class=\"elementor-icon-list-icon\">\n\t\t\t\t\t\t\t<i aria-hidden=\"true\" class=\"fas fa-circle\"><\/i>\t\t\t\t\t\t<\/span>\n\t\t\t\t\t\t\t\t\t\t<span class=\"elementor-icon-list-text\">Puig de la Collada Verda i Portella dels Avets<\/span>\n\t\t\t\t\t\t\t\t\t\t\t<\/a>\n\t\t\t\t\t\t\t\t\t<\/li>\n\t\t\t\t\t\t\t\t<li class=\"elementor-icon-list-item\">\n\t\t\t\t\t\t\t\t\t\t\t<a href=\"http:\/\/es.wikiloc.com\/wikiloc\/view.do?id=10078828\" target=\"_blank\">\n\n\t\t\t\t\t\t\t\t\t\t\t\t<span class=\"elementor-icon-list-icon\">\n\t\t\t\t\t\t\t<i aria-hidden=\"true\" class=\"fas fa-circle\"><\/i>\t\t\t\t\t\t<\/span>\n\t\t\t\t\t\t\t\t\t\t<span class=\"elementor-icon-list-text\">Refugi de Les Conques - Refugi Pla Guillem<\/span>\n\t\t\t\t\t\t\t\t\t\t\t<\/a>\n\t\t\t\t\t\t\t\t\t<\/li>\n\t\t\t\t\t\t\t\t<li class=\"elementor-icon-list-item\">\n\t\t\t\t\t\t\t\t\t\t\t<a href=\"http:\/\/es.wikiloc.com\/wikiloc\/view.do?id=10078828\" target=\"_blank\">\n\n\t\t\t\t\t\t\t\t\t\t\t\t<span class=\"elementor-icon-list-icon\">\n\t\t\t\t\t\t\t<i aria-hidden=\"true\" class=\"fas fa-circle\"><\/i>\t\t\t\t\t\t<\/span>\n\t\t\t\t\t\t\t\t\t\t<span class=\"elementor-icon-list-text\">La Presta-Refuge Les Conques<\/span>\n\t\t\t\t\t\t\t\t\t\t\t<\/a>\n\t\t\t\t\t\t\t\t\t<\/li>\n\t\t\t\t\t\t\t\t<li class=\"elementor-icon-list-item\">\n\t\t\t\t\t\t\t\t\t\t\t<a href=\"http:\/\/es.wikiloc.com\/wikiloc\/view.do?id=4742464\" target=\"_blank\">\n\n\t\t\t\t\t\t\t\t\t\t\t\t<span class=\"elementor-icon-list-icon\">\n\t\t\t\t\t\t\t<i aria-hidden=\"true\" class=\"fas fa-circle\"><\/i>\t\t\t\t\t\t<\/span>\n\t\t\t\t\t\t\t\t\t\t<span class=\"elementor-icon-list-text\">Refuge de Les Conques - Refuge de Mariailles<\/span>\n\t\t\t\t\t\t\t\t\t\t\t<\/a>\n\t\t\t\t\t\t\t\t\t<\/li>\n\t\t\t\t\t\t<\/ul>\n\t\t\t\t\t\t<\/div>\n\t\t\t\t<\/div>\n\t\t\t\t\t<\/div>\n\t\t<\/div>\n\t\t\t\t\t<\/div>\n\t\t<\/section>\n\t\t\t\t<section class=\"elementor-section elementor-top-section elementor-element elementor-element-46881d2 elementor-section-boxed elementor-section-height-default elementor-section-height-default\" data-id=\"46881d2\" data-element_type=\"section\" data-e-type=\"section\">\n\t\t\t\t\t\t<div class=\"elementor-container elementor-column-gap-default\">\n\t\t\t\t\t<div class=\"elementor-column elementor-col-100 elementor-top-column elementor-element elementor-element-68bbda0\" data-id=\"68bbda0\" data-element_type=\"column\" data-e-type=\"column\">\n\t\t\t<div class=\"elementor-widget-wrap elementor-element-populated\">\n\t\t\t\t\t\t<div class=\"elementor-element elementor-element-18b2c14 elementor-widget elementor-widget-heading\" data-id=\"18b2c14\" data-element_type=\"widget\" data-e-type=\"widget\" data-widget_type=\"heading.default\">\n\t\t\t\t<div class=\"elementor-widget-container\">\n\t\t\t\t\t<h2 class=\"elementor-heading-title elementor-size-default\">Parcours circulaires<\/h2>\t\t\t\t<\/div>\n\t\t\t\t<\/div>\n\t\t\t\t<section class=\"elementor-section elementor-inner-section elementor-element elementor-element-48f53e0 elementor-section-boxed elementor-section-height-default elementor-section-height-default\" data-id=\"48f53e0\" data-element_type=\"section\" data-e-type=\"section\">\n\t\t\t\t\t\t<div class=\"elementor-container elementor-column-gap-default\">\n\t\t\t\t\t<div class=\"elementor-column elementor-col-25 elementor-inner-column elementor-element elementor-element-b4b2e05\" data-id=\"b4b2e05\" data-element_type=\"column\" data-e-type=\"column\">\n\t\t\t<div class=\"elementor-widget-wrap elementor-element-populated\">\n\t\t\t\t\t\t<div class=\"elementor-element elementor-element-4ca2861 elementor-widget elementor-widget-image\" data-id=\"4ca2861\" data-element_type=\"widget\" data-e-type=\"widget\" data-widget_type=\"image.default\">\n\t\t\t\t<div class=\"elementor-widget-container\">\n\t\t\t\t\t\t\t\t\t\t\t\t\t\t\t\t<a href=\"https:\/\/www.sudcanigo.com\/pleine-nature\/le-canigo\/le-tour-du-canigo\/\" target=\"_blank\">\n\t\t\t\t\t\t\t<img decoding=\"async\" width=\"146\" height=\"53\" src=\"https:\/\/www.refugi-lesconques.com\/wp-content\/uploads\/2021\/12\/TOUR-DU-CANIGO.jpg\" class=\"attachment-full size-full wp-image-854\" alt=\"\" \/>\t\t\t\t\t\t\t\t<\/a>\n\t\t\t\t\t\t\t\t\t\t\t\t\t\t\t<\/div>\n\t\t\t\t<\/div>\n\t\t\t\t\t<\/div>\n\t\t<\/div>\n\t\t\t\t<div class=\"elementor-column elementor-col-25 elementor-inner-column elementor-element elementor-element-33e1704\" data-id=\"33e1704\" data-element_type=\"column\" data-e-type=\"column\">\n\t\t\t<div class=\"elementor-widget-wrap elementor-element-populated\">\n\t\t\t\t\t\t<div class=\"elementor-element elementor-element-70704e1 elementor-widget elementor-widget-image\" data-id=\"70704e1\" data-element_type=\"widget\" data-e-type=\"widget\" data-widget_type=\"image.default\">\n\t\t\t\t<div class=\"elementor-widget-container\">\n\t\t\t\t\t\t\t\t\t\t\t\t\t\t\t\t<a href=\"http:\/\/www.refugi-lesconques.com\/www.voltaalcostabona.com\" target=\"_blank\">\n\t\t\t\t\t\t\t<img loading=\"lazy\" decoding=\"async\" width=\"144\" height=\"56\" src=\"https:\/\/www.refugi-lesconques.com\/wp-content\/uploads\/2021\/12\/VOLTA-AL-COSTABONA.jpg\" class=\"attachment-full size-full wp-image-855\" alt=\"\" \/>\t\t\t\t\t\t\t\t<\/a>\n\t\t\t\t\t\t\t\t\t\t\t\t\t\t\t<\/div>\n\t\t\t\t<\/div>\n\t\t\t\t\t<\/div>\n\t\t<\/div>\n\t\t\t\t<div class=\"elementor-column elementor-col-25 elementor-inner-column elementor-element elementor-element-a6f7a68\" data-id=\"a6f7a68\" data-element_type=\"column\" data-e-type=\"column\">\n\t\t\t<div class=\"elementor-widget-wrap elementor-element-populated\">\n\t\t\t\t\t\t<div class=\"elementor-element elementor-element-468da93 elementor-widget elementor-widget-image\" data-id=\"468da93\" data-element_type=\"widget\" data-e-type=\"widget\" data-widget_type=\"image.default\">\n\t\t\t\t<div class=\"elementor-widget-container\">\n\t\t\t\t\t\t\t\t\t\t\t\t\t\t\t\t<a href=\"http:\/\/www.refugisdeltorb.com\/latravessa\/#ulldeterxaletdelesconques\" target=\"_blank\">\n\t\t\t\t\t\t\t<img loading=\"lazy\" decoding=\"async\" width=\"146\" height=\"57\" src=\"https:\/\/www.refugi-lesconques.com\/wp-content\/uploads\/2021\/12\/REFUGIS-DEL-TORB.jpg\" class=\"attachment-full size-full wp-image-852\" alt=\"\" \/>\t\t\t\t\t\t\t\t<\/a>\n\t\t\t\t\t\t\t\t\t\t\t\t\t\t\t<\/div>\n\t\t\t\t<\/div>\n\t\t\t\t\t<\/div>\n\t\t<\/div>\n\t\t\t\t<div class=\"elementor-column elementor-col-25 elementor-inner-column elementor-element elementor-element-27df1bb\" data-id=\"27df1bb\" data-element_type=\"column\" data-e-type=\"column\">\n\t\t\t<div class=\"elementor-widget-wrap elementor-element-populated\">\n\t\t\t\t\t\t<div class=\"elementor-element elementor-element-02e702a elementor-widget elementor-widget-image\" data-id=\"02e702a\" data-element_type=\"widget\" data-e-type=\"widget\" data-widget_type=\"image.default\">\n\t\t\t\t<div class=\"elementor-widget-container\">\n\t\t\t\t\t\t\t\t\t\t\t\t\t\t\t\t<a href=\"http:\/\/www.catalanes.espaces-naturels.fr\/sites\/default\/files\/documents\/pages\/cg66-fiche-rando-des-reserves-naturelles-canigou.pdf\" target=\"_blank\">\n\t\t\t\t\t\t\t<img loading=\"lazy\" decoding=\"async\" width=\"144\" height=\"58\" src=\"https:\/\/www.refugi-lesconques.com\/wp-content\/uploads\/2021\/12\/TOUR-DES-RESERVES.jpg\" class=\"attachment-full size-full wp-image-853\" alt=\"\" \/>\t\t\t\t\t\t\t\t<\/a>\n\t\t\t\t\t\t\t\t\t\t\t\t\t\t\t<\/div>\n\t\t\t\t<\/div>\n\t\t\t\t\t<\/div>\n\t\t<\/div>\n\t\t\t\t\t<\/div>\n\t\t<\/section>\n\t\t\t\t\t<\/div>\n\t\t<\/div>\n\t\t\t\t\t<\/div>\n\t\t<\/section>\n\t\t\t\t<section class=\"elementor-section elementor-top-section elementor-element elementor-element-68db306 elementor-section-content-middle elementor-section-stretched elementor-section-boxed elementor-section-height-default elementor-section-height-default\" data-id=\"68db306\" data-element_type=\"section\" data-e-type=\"section\" data-settings=\"{&quot;stretch_section&quot;:&quot;section-stretched&quot;}\">\n\t\t\t\t\t\t<div class=\"elementor-container elementor-column-gap-default\">\n\t\t\t\t\t<div class=\"elementor-column elementor-col-100 elementor-top-column elementor-element elementor-element-cb2d51f\" data-id=\"cb2d51f\" data-element_type=\"column\" data-e-type=\"column\">\n\t\t\t<div class=\"elementor-widget-wrap elementor-element-populated\">\n\t\t\t\t\t\t<div class=\"elementor-element elementor-element-127d997 elementor-widget elementor-widget-heading\" data-id=\"127d997\" data-element_type=\"widget\" data-e-type=\"widget\" data-widget_type=\"heading.default\">\n\t\t\t\t<div class=\"elementor-widget-container\">\n\t\t\t\t\t<h2 class=\"elementor-heading-title elementor-size-default\">Galerie<\/h2>\t\t\t\t<\/div>\n\t\t\t\t<\/div>\n\t\t\t\t<div class=\"elementor-element elementor-element-ca81e03 gallery-spacing-custom elementor-widget__width-initial elementor-widget elementor-widget-image-gallery\" data-id=\"ca81e03\" data-element_type=\"widget\" data-e-type=\"widget\" data-widget_type=\"image-gallery.default\">\n\t\t\t\t<div class=\"elementor-widget-container\">\n\t\t\t\t\t\t\t<div class=\"elementor-image-gallery\">\n\t\t\t<div id='gallery-1' class='gallery galleryid-916 gallery-columns-3 gallery-size-thumbnail'><figure class='gallery-item'>\n\t\t\t<div class='gallery-icon landscape'>\n\t\t\t\t<a data-elementor-open-lightbox=\"yes\" data-elementor-lightbox-slideshow=\"ca81e03\" data-elementor-lightbox-title=\"Sommet du Costabona\" data-e-action-hash=\"#elementor-action%3Aaction%3Dlightbox%26settings%3DeyJpZCI6MTc1NSwidXJsIjoiaHR0cHM6XC9cL3d3dy5yZWZ1Z2ktbGVzY29ucXVlcy5jb21cL3dwLWNvbnRlbnRcL3VwbG9hZHNcLzIwMjNcLzAxXC9jb3N0YWJvbmEuanBnIiwic2xpZGVzaG93IjoiY2E4MWUwMyJ9\" href='https:\/\/www.refugi-lesconques.com\/wp-content\/uploads\/2023\/01\/costabona.jpg'><img loading=\"lazy\" decoding=\"async\" width=\"150\" height=\"150\" src=\"https:\/\/www.refugi-lesconques.com\/wp-content\/uploads\/2023\/01\/costabona-150x150.jpg\" class=\"attachment-thumbnail size-thumbnail\" alt=\"\" \/><\/a>\n\t\t\t<\/div><\/figure><figure class='gallery-item'>\n\t\t\t<div class='gallery-icon portrait'>\n\t\t\t\t<a data-elementor-open-lightbox=\"yes\" data-elementor-lightbox-slideshow=\"ca81e03\" data-elementor-lightbox-title=\"Vue sud du sommet de Costabona\" data-e-action-hash=\"#elementor-action%3Aaction%3Dlightbox%26settings%3DeyJpZCI6MTc2NiwidXJsIjoiaHR0cHM6XC9cL3d3dy5yZWZ1Z2ktbGVzY29ucXVlcy5jb21cL3dwLWNvbnRlbnRcL3VwbG9hZHNcLzIwMjNcLzAxXC8xNjczODcwMzYxMjE4LmpwZyIsInNsaWRlc2hvdyI6ImNhODFlMDMifQ%3D%3D\" href='https:\/\/www.refugi-lesconques.com\/wp-content\/uploads\/2023\/01\/1673870361218.jpg'><img loading=\"lazy\" decoding=\"async\" width=\"150\" height=\"150\" src=\"https:\/\/www.refugi-lesconques.com\/wp-content\/uploads\/2023\/01\/1673870361218-150x150.jpg\" class=\"attachment-thumbnail size-thumbnail\" alt=\"\" \/><\/a>\n\t\t\t<\/div><\/figure><figure class='gallery-item'>\n\t\t\t<div class='gallery-icon portrait'>\n\t\t\t\t<a data-elementor-open-lightbox=\"yes\" data-elementor-lightbox-slideshow=\"ca81e03\" data-elementor-lightbox-title=\"Massif du Canig\u00f3 depuis le sommet de Costabona\" data-e-action-hash=\"#elementor-action%3Aaction%3Dlightbox%26settings%3DeyJpZCI6MTc2NCwidXJsIjoiaHR0cHM6XC9cL3d3dy5yZWZ1Z2ktbGVzY29ucXVlcy5jb21cL3dwLWNvbnRlbnRcL3VwbG9hZHNcLzIwMjNcLzAxXC8xNjczODcwMzYxMjQ1LmpwZyIsInNsaWRlc2hvdyI6ImNhODFlMDMifQ%3D%3D\" href='https:\/\/www.refugi-lesconques.com\/wp-content\/uploads\/2023\/01\/1673870361245.jpg'><img loading=\"lazy\" decoding=\"async\" width=\"150\" height=\"150\" src=\"https:\/\/www.refugi-lesconques.com\/wp-content\/uploads\/2023\/01\/1673870361245-150x150.jpg\" class=\"attachment-thumbnail size-thumbnail\" alt=\"\" \/><\/a>\n\t\t\t<\/div><\/figure><figure class='gallery-item'>\n\t\t\t<div class='gallery-icon landscape'>\n\t\t\t\t<a data-elementor-open-lightbox=\"yes\" data-elementor-lightbox-slideshow=\"ca81e03\" data-elementor-lightbox-title=\"Costabona et Esquerdes de Rotjar depuis le Col Baix\" data-e-action-hash=\"#elementor-action%3Aaction%3Dlightbox%26settings%3DeyJpZCI6MTc2MiwidXJsIjoiaHR0cHM6XC9cL3d3dy5yZWZ1Z2ktbGVzY29ucXVlcy5jb21cL3dwLWNvbnRlbnRcL3VwbG9hZHNcLzIwMjNcLzAxXC9JTUdfMjAxNjA3MDVfMTg1NzIxLXNjYWxlZC5qcGciLCJzbGlkZXNob3ciOiJjYTgxZTAzIn0%3D\" href='https:\/\/www.refugi-lesconques.com\/wp-content\/uploads\/2023\/01\/IMG_20160705_185721-scaled.jpg'><img loading=\"lazy\" decoding=\"async\" width=\"150\" height=\"150\" src=\"https:\/\/www.refugi-lesconques.com\/wp-content\/uploads\/2023\/01\/IMG_20160705_185721-150x150.jpg\" class=\"attachment-thumbnail size-thumbnail\" alt=\"\" \/><\/a>\n\t\t\t<\/div><\/figure><figure class='gallery-item'>\n\t\t\t<div class='gallery-icon landscape'>\n\t\t\t\t<a data-elementor-open-lightbox=\"yes\" data-elementor-lightbox-slideshow=\"ca81e03\" data-elementor-lightbox-title=\"Cirque des Forquets\" data-e-action-hash=\"#elementor-action%3Aaction%3Dlightbox%26settings%3DeyJpZCI6MTc2MCwidXJsIjoiaHR0cHM6XC9cL3d3dy5yZWZ1Z2ktbGVzY29ucXVlcy5jb21cL3dwLWNvbnRlbnRcL3VwbG9hZHNcLzIwMjNcLzAxXC9JTUdfMjAxOTExMjNfMTM0NTM1LXNjYWxlZC5qcGciLCJzbGlkZXNob3ciOiJjYTgxZTAzIn0%3D\" href='https:\/\/www.refugi-lesconques.com\/wp-content\/uploads\/2023\/01\/IMG_20191123_134535-scaled.jpg'><img loading=\"lazy\" decoding=\"async\" width=\"150\" height=\"150\" src=\"https:\/\/www.refugi-lesconques.com\/wp-content\/uploads\/2023\/01\/IMG_20191123_134535-150x150.jpg\" class=\"attachment-thumbnail size-thumbnail\" alt=\"\" \/><\/a>\n\t\t\t<\/div><\/figure><figure class='gallery-item'>\n\t\t\t<div class='gallery-icon landscape'>\n\t\t\t\t<a data-elementor-open-lightbox=\"yes\" data-elementor-lightbox-slideshow=\"ca81e03\" data-elementor-lightbox-title=\"Col de Visa\" data-e-action-hash=\"#elementor-action%3Aaction%3Dlightbox%26settings%3DeyJpZCI6MTc1OCwidXJsIjoiaHR0cHM6XC9cL3d3dy5yZWZ1Z2ktbGVzY29ucXVlcy5jb21cL3dwLWNvbnRlbnRcL3VwbG9hZHNcLzIwMjNcLzAxXC9JTUdfMjAyMTA1MzFfMTIxNDU3LXNjYWxlZC5qcGciLCJzbGlkZXNob3ciOiJjYTgxZTAzIn0%3D\" href='https:\/\/www.refugi-lesconques.com\/wp-content\/uploads\/2023\/01\/IMG_20210531_121457-scaled.jpg'><img loading=\"lazy\" decoding=\"async\" width=\"150\" height=\"150\" src=\"https:\/\/www.refugi-lesconques.com\/wp-content\/uploads\/2023\/01\/IMG_20210531_121457-150x150.jpg\" class=\"attachment-thumbnail size-thumbnail\" alt=\"\" \/><\/a>\n\t\t\t<\/div><\/figure>\n\t\t<\/div>\n\t\t<\/div>\n\t\t\t\t\t\t<\/div>\n\t\t\t\t<\/div>\n\t\t\t\t\t<\/div>\n\t\t<\/div>\n\t\t\t\t\t<\/div>\n\t\t<\/section>\n\t\t\t\t<\/div>\n\t\t","protected":false},"excerpt":{"rendered":"<p>Sommets et Itin\u00e9raires A partir du refuge Les Conques nous avons un bon emplacement pour faire des excursions au Sommet de Costabona (2465 m.), depuis son aspect le plus spectaculaire, aussi Roc Colom (2507m.), Puig de la Collada Verda (2403m.), Pic des Set Homes (2661m.). Tous ces sommets peuvent \u00eatre faits d\u00e8s le refuge. Nous [&hellip;]<\/p>\n","protected":false},"author":1,"featured_media":0,"parent":0,"menu_order":0,"comment_status":"closed","ping_status":"closed","template":"elementor_header_footer","meta":{"site-sidebar-layout":"no-sidebar","site-content-layout":"page-builder","ast-site-content-layout":"default","site-content-style":"default","site-sidebar-style":"default","ast-global-header-display":"","ast-banner-title-visibility":"","ast-main-header-display":"","ast-hfb-above-header-display":"","ast-hfb-below-header-display":"","ast-hfb-mobile-header-display":"","site-post-title":"disabled","ast-breadcrumbs-content":"","ast-featured-img":"disabled","footer-sml-layout":"","ast-disable-related-posts":"","theme-transparent-header-meta":"default","adv-header-id-meta":"","stick-header-meta":"","header-above-stick-meta":"","header-main-stick-meta":"","header-below-stick-meta":"","astra-migrate-meta-layouts":"default","ast-page-background-enabled":"default","ast-page-background-meta":{"desktop":{"background-color":"var(--ast-global-color-4)","background-image":"","background-repeat":"repeat","background-position":"center center","background-size":"auto","background-attachment":"scroll","background-type":"","background-media":"","overlay-type":"","overlay-color":"","overlay-opacity":"","overlay-gradient":""},"tablet":{"background-color":"","background-image":"","background-repeat":"repeat","background-position":"center center","background-size":"auto","background-attachment":"scroll","background-type":"","background-media":"","overlay-type":"","overlay-color":"","overlay-opacity":"","overlay-gradient":""},"mobile":{"background-color":"","background-image":"","background-repeat":"repeat","background-position":"center center","background-size":"auto","background-attachment":"scroll","background-type":"","background-media":"","overlay-type":"","overlay-color":"","overlay-opacity":"","overlay-gradient":""}},"ast-content-background-meta":{"desktop":{"background-color":"var(--ast-global-color-5)","background-image":"","background-repeat":"repeat","background-position":"center center","background-size":"auto","background-attachment":"scroll","background-type":"","background-media":"","overlay-type":"","overlay-color":"","overlay-opacity":"","overlay-gradient":""},"tablet":{"background-color":"var(--ast-global-color-5)","background-image":"","background-repeat":"repeat","background-position":"center center","background-size":"auto","background-attachment":"scroll","background-type":"","background-media":"","overlay-type":"","overlay-color":"","overlay-opacity":"","overlay-gradient":""},"mobile":{"background-color":"var(--ast-global-color-5)","background-image":"","background-repeat":"repeat","background-position":"center center","background-size":"auto","background-attachment":"scroll","background-type":"","background-media":"","overlay-type":"","overlay-color":"","overlay-opacity":"","overlay-gradient":""}},"footnotes":""},"class_list":["post-916","page","type-page","status-publish","hentry"],"_links":{"self":[{"href":"https:\/\/www.refugi-lesconques.com\/fr\/wp-json\/wp\/v2\/pages\/916","targetHints":{"allow":["GET"]}}],"collection":[{"href":"https:\/\/www.refugi-lesconques.com\/fr\/wp-json\/wp\/v2\/pages"}],"about":[{"href":"https:\/\/www.refugi-lesconques.com\/fr\/wp-json\/wp\/v2\/types\/page"}],"author":[{"embeddable":true,"href":"https:\/\/www.refugi-lesconques.com\/fr\/wp-json\/wp\/v2\/users\/1"}],"replies":[{"embeddable":true,"href":"https:\/\/www.refugi-lesconques.com\/fr\/wp-json\/wp\/v2\/comments?post=916"}],"version-history":[{"count":25,"href":"https:\/\/www.refugi-lesconques.com\/fr\/wp-json\/wp\/v2\/pages\/916\/revisions"}],"predecessor-version":[{"id":1829,"href":"https:\/\/www.refugi-lesconques.com\/fr\/wp-json\/wp\/v2\/pages\/916\/revisions\/1829"}],"wp:attachment":[{"href":"https:\/\/www.refugi-lesconques.com\/fr\/wp-json\/wp\/v2\/media?parent=916"}],"curies":[{"name":"wp","href":"https:\/\/api.w.org\/{rel}","templated":true}]}}